{"id":628,"date":"2009-05-06T11:43:24","date_gmt":"2009-05-06T16:43:24","guid":{"rendered":"https:\/\/insideyourmovie.com\/contact"},"modified":"2025-11-18T18:32:43","modified_gmt":"2025-11-18T18:32:43","slug":"contact","status":"publish","type":"page","link":"https:\/\/insideyourmovie.com\/es\/contact\/","title":{"rendered":"CONTACTO"},"content":{"rendered":"<div data-elementor-type=\"wp-page\" data-elementor-id=\"628\" class=\"elementor elementor-628\">\n\t\t\t\t\t\t<section class=\"elementor-section elementor-top-section elementor-element elementor-element-400ecf4c elementor-section-boxed elementor-section-height-default elementor-section-height-default\" data-id=\"400ecf4c\" data-element_type=\"section\" data-e-type=\"section\">\n\t\t\t\t\t\t<div class=\"elementor-container elementor-column-gap-default\">\n\t\t\t\t\t\t<\/div>\n\t\t<\/section>\n\t\t\t\t<section class=\"elementor-section elementor-top-section elementor-element elementor-element-0044355 elementor-section-content-middle elementor-section-boxed elementor-section-height-default elementor-section-height-default\" data-id=\"0044355\" data-element_type=\"section\" data-e-type=\"section\">\n\t\t\t\t\t\t<div class=\"elementor-container elementor-column-gap-default\">\n\t\t\t\t\t<div class=\"elementor-column elementor-col-50 elementor-top-column elementor-element elementor-element-e7159f3\" data-id=\"e7159f3\" data-element_type=\"column\" data-e-type=\"column\">\n\t\t\t<div class=\"elementor-widget-wrap elementor-element-populated\">\n\t\t\t\t\t\t<div class=\"elementor-element elementor-element-7191443 elementor-widget elementor-widget-heading\" data-id=\"7191443\" data-element_type=\"widget\" data-e-type=\"widget\" data-widget_type=\"heading.default\">\n\t\t\t\t<div class=\"elementor-widget-container\">\n\t\t\t\t\t<h2 class=\"elementor-heading-title elementor-size-xl\">\u00a1Hagamos tu pel\u00edcula!<\/h2>\t\t\t\t<\/div>\n\t\t\t\t<\/div>\n\t\t\t\t\t<\/div>\n\t\t<\/div>\n\t\t\t\t<div class=\"elementor-column elementor-col-50 elementor-top-column elementor-element elementor-element-5e77df7\" data-id=\"5e77df7\" data-element_type=\"column\" data-e-type=\"column\">\n\t\t\t<div class=\"elementor-widget-wrap\">\n\t\t\t\t\t\t\t<\/div>\n\t\t<\/div>\n\t\t\t\t\t<\/div>\n\t\t<\/section>\n\t\t\t\t<section class=\"elementor-section elementor-top-section elementor-element elementor-element-d6ecc6b elementor-section-boxed elementor-section-height-default elementor-section-height-default\" data-id=\"d6ecc6b\" data-element_type=\"section\" data-e-type=\"section\">\n\t\t\t\t\t\t<div class=\"elementor-container elementor-column-gap-wider\">\n\t\t\t\t\t<div class=\"elementor-column elementor-col-50 elementor-top-column elementor-element elementor-element-5a81e31\" data-id=\"5a81e31\" data-element_type=\"column\" data-e-type=\"column\">\n\t\t\t<div class=\"elementor-widget-wrap elementor-element-populated\">\n\t\t\t\t\t\t<div class=\"elementor-element elementor-element-6f2fdc1 elementor-widget elementor-widget-text-editor\" data-id=\"6f2fdc1\" data-element_type=\"widget\" data-e-type=\"widget\" data-widget_type=\"text-editor.default\">\n\t\t\t\t<div class=\"elementor-widget-container\">\n\t\t\t\t\t\t\t\t\t<h4><b>\u00bfTienes alguna pregunta? \u00bfListo para convertir tu historia en una aventura de cine?<\/b><\/h4><p>Nos encantar\u00eda saber de ti. Ya sea que est\u00e9s planeando una celebraci\u00f3n, una actividad grupal inolvidable o simplemente quieras protagonizar una pel\u00edcula espectacular, nuestro equipo est\u00e1 aqu\u00ed para guiarte en cada paso.<\/p><p>\u00a0<\/p><p>Oooo<\/p><p>\u00a0<\/p><h4><b>Convi\u00e9rtete en nuestro socio<\/b><\/h4><p>\u00bfEres un conserje de viajes, DMC, organizador de eventos, marca de lujo, club exclusivo, organizador de bodas, influencer, profesional creativo o alg\u00fan otro tipo de socio potencial? <br \/>Siempre estamos buscando construir alianzas significativas con quienes desean ofrecer a sus clientes algo realmente \u00fanico.<\/p><p>Creamos experiencias grupales cinematogr\u00e1ficas de alto nivel que se integran perfectamente en paquetes de viaje, eventos y oportunidades de contenido.<\/p><p>\u00bfSuena como un buen plan? \u00a1Hablemos!<br \/>Ofrecemos modelos de colaboraci\u00f3n flexibles, paquetes a medida y procesos dise\u00f1ados pensando en nuestros socios.<\/p>\t\t\t\t\t\t\t\t<\/div>\n\t\t\t\t<\/div>\n\t\t\t\t<section class=\"elementor-section elementor-inner-section elementor-element elementor-element-a2ef0b8 elementor-section-boxed elementor-section-height-default elementor-section-height-default\" data-id=\"a2ef0b8\" data-element_type=\"section\" data-e-type=\"section\">\n\t\t\t\t\t\t<div class=\"elementor-container elementor-column-gap-no\">\n\t\t\t\t\t<div class=\"elementor-column elementor-col-50 elementor-inner-column elementor-element elementor-element-4cab8e0\" data-id=\"4cab8e0\" data-element_type=\"column\" data-e-type=\"column\">\n\t\t\t<div class=\"elementor-widget-wrap elementor-element-populated\">\n\t\t\t\t\t\t<div class=\"elementor-element elementor-element-44869d3 elementor-widget elementor-widget-text-editor\" data-id=\"44869d3\" data-element_type=\"widget\" data-e-type=\"widget\" data-widget_type=\"text-editor.default\">\n\t\t\t\t<div class=\"elementor-widget-container\">\n\t\t\t\t\t\t\t\t\t<h4>Escr\u00edbenos<\/h4><p><a href=\"mailto:hi@inspiro.com\">info@insideyormovie.com<\/a><\/p><p>\u00a0<\/p>\t\t\t\t\t\t\t\t<\/div>\n\t\t\t\t<\/div>\n\t\t\t\t\t<\/div>\n\t\t<\/div>\n\t\t\t\t<div class=\"elementor-column elementor-col-50 elementor-inner-column elementor-element elementor-element-52e8b77\" data-id=\"52e8b77\" data-element_type=\"column\" data-e-type=\"column\">\n\t\t\t<div class=\"elementor-widget-wrap elementor-element-populated\">\n\t\t\t\t\t\t<div class=\"elementor-element elementor-element-be83f2f elementor-widget elementor-widget-text-editor\" data-id=\"be83f2f\" data-element_type=\"widget\" data-e-type=\"widget\" data-widget_type=\"text-editor.default\">\n\t\t\t\t<div class=\"elementor-widget-container\">\n\t\t\t\t\t\t\t\t\t<h4>Solicita una llamada<\/h4><p>D\u00e9janos tu n\u00famero y te llamaremos<\/p>\t\t\t\t\t\t\t\t<\/div>\n\t\t\t\t<\/div>\n\t\t\t\t\t<\/div>\n\t\t<\/div>\n\t\t\t\t\t<\/div>\n\t\t<\/section>\n\t\t\t\t<div class=\"elementor-element elementor-element-0182b7c elementor-widget elementor-widget-text-editor\" data-id=\"0182b7c\" data-element_type=\"widget\" data-e-type=\"widget\" data-widget_type=\"text-editor.default\">\n\t\t\t\t<div class=\"elementor-widget-container\">\n\t\t\t\t\t\t\t\t\t<h4>S\u00edguenos<\/h4>\t\t\t\t\t\t\t\t<\/div>\n\t\t\t\t<\/div>\n\t\t\t\t<div class=\"elementor-element elementor-element-1ca0335 elementor-icon-list--layout-inline elementor-list-item-link-full_width elementor-widget elementor-widget-icon-list\" data-id=\"1ca0335\" data-element_type=\"widget\" data-e-type=\"widget\" data-widget_type=\"icon-list.default\">\n\t\t\t\t<div class=\"elementor-widget-container\">\n\t\t\t\t\t\t\t<ul class=\"elementor-icon-list-items elementor-inline-items\">\n\t\t\t\t\t\t\t<li class=\"elementor-icon-list-item elementor-inline-item\">\n\t\t\t\t\t\t\t\t\t\t\t<a href=\"https:\/\/www.facebook.com\/profile.php?id=61557672183380\" target=\"_blank\">\n\n\t\t\t\t\t\t\t\t\t\t\t\t<span class=\"elementor-icon-list-icon\">\n\t\t\t\t\t\t\t<i aria-hidden=\"true\" class=\"fab fa-facebook\"><\/i>\t\t\t\t\t\t<\/span>\n\t\t\t\t\t\t\t\t\t\t<span class=\"elementor-icon-list-text\"><\/span>\n\t\t\t\t\t\t\t\t\t\t\t<\/a>\n\t\t\t\t\t\t\t\t\t<\/li>\n\t\t\t\t\t\t\t\t<li class=\"elementor-icon-list-item elementor-inline-item\">\n\t\t\t\t\t\t\t\t\t\t\t<a href=\"https:\/\/www.instagram.com\/inside_your_movie\/\" target=\"_blank\">\n\n\t\t\t\t\t\t\t\t\t\t\t\t<span class=\"elementor-icon-list-icon\">\n\t\t\t\t\t\t\t<i aria-hidden=\"true\" class=\"fab fa-instagram\"><\/i>\t\t\t\t\t\t<\/span>\n\t\t\t\t\t\t\t\t\t\t<span class=\"elementor-icon-list-text\"><\/span>\n\t\t\t\t\t\t\t\t\t\t\t<\/a>\n\t\t\t\t\t\t\t\t\t<\/li>\n\t\t\t\t\t\t\t\t<li class=\"elementor-icon-list-item elementor-inline-item\">\n\t\t\t\t\t\t\t\t\t\t\t<a href=\"https:\/\/www.youtube.com\/@insideyourmovie\" target=\"_blank\">\n\n\t\t\t\t\t\t\t\t\t\t\t\t<span class=\"elementor-icon-list-icon\">\n\t\t\t\t\t\t\t<i aria-hidden=\"true\" class=\"fab fa-youtube\"><\/i>\t\t\t\t\t\t<\/span>\n\t\t\t\t\t\t\t\t\t\t<span class=\"elementor-icon-list-text\"><\/span>\n\t\t\t\t\t\t\t\t\t\t\t<\/a>\n\t\t\t\t\t\t\t\t\t<\/li>\n\t\t\t\t\t\t<\/ul>\n\t\t\t\t\t\t<\/div>\n\t\t\t\t<\/div>\n\t\t\t\t\t<\/div>\n\t\t<\/div>\n\t\t\t\t<div class=\"elementor-column elementor-col-50 elementor-top-column elementor-element elementor-element-2b868b4\" data-id=\"2b868b4\" data-element_type=\"column\" data-e-type=\"column\">\n\t\t\t<div class=\"elementor-widget-wrap elementor-element-populated\">\n\t\t\t\t\t\t<div class=\"elementor-element elementor-element-a12c2dc elementor-widget elementor-widget-heading\" data-id=\"a12c2dc\" data-element_type=\"widget\" data-e-type=\"widget\" data-widget_type=\"heading.default\">\n\t\t\t\t<div class=\"elementor-widget-container\">\n\t\t\t\t\t<h4 class=\"elementor-heading-title elementor-size-default\">Cont\u00e1ctanos<\/h4>\t\t\t\t<\/div>\n\t\t\t\t<\/div>\n\t\t\t\t<div class=\"elementor-element elementor-element-66a3a89 elementor-widget elementor-widget-wpzoom-forms-widget-cpt\" data-id=\"66a3a89\" data-element_type=\"widget\" data-e-type=\"widget\" data-widget_type=\"wpzoom-forms-widget-cpt.default\">\n\t\t\t\t<div class=\"elementor-widget-container\">\n\t\t\t\t\t<style>#wpzf-7328 + .notice { margin-top: 20px; padding: 15px; border-radius: 4px; }#wpzf-7328 + .notice.success { background-color: #e7f7ed; color: #227045; border-left: 4px solid #46b450; }#wpzf-7328 + .notice.error { background-color: #fde8e8; color: #8a1f11; border-left: 4px solid #cc0000; }#wpzf-7328 + .notice p { margin: 0; }#wpzf-7328-notice { scroll-margin-top: 24px; }<\/style><!-- ZOOM Forms Start -->\n\t\t\t<form id=\"wpzf-7328\" method=\"post\" action=\"https:\/\/insideyourmovie.com\/wp-admin\/admin-post.php\" class=\"wpzoom-forms_form\">\n\t\t\t<input type=\"hidden\" name=\"action\" value=\"wpzf_submit\" \/>\n\t\t\t<input type=\"hidden\" name=\"form_id\" value=\"7328\" \/>\n\t\t\t<input type=\"hidden\" id=\"_wpnonce\" name=\"_wpnonce\" value=\"27281daa70\" \/><input type=\"hidden\" name=\"_wp_http_referer\" value=\"\/es\/wp-json\/wp\/v2\/pages\/628\" \/>\n\t\t\t\n<div class=\"wp-block-wpzoom-forms-form\">\n<div class=\"wp-block-group is-layout-flow wp-block-group-is-layout-flow\">\n<div class=\"wp-block-columns is-layout-flex wp-container-core-columns-is-layout-28f84493 wp-block-columns-is-layout-flex\">\n<div class=\"wp-block-column is-layout-flow wp-block-column-is-layout-flow\" style=\"flex-basis:100%\">\n<label for=\"input_name\"><label for=\"input_name\">Nombre<\/label><sup class=\"wp-block-wpzoom-forms-required\">*<\/sup><\/label><input type=\"text\" name=\"wpzf_input_name\" id=\"input_name\" placeholder=\"\" required class=\"wp-block-wpzoom-forms-text-name-field fullwidth\"\/>\n\n\n\n<label for=\"input_email\"><label for=\"input_email\">Email<\/label><sup class=\"wp-block-wpzoom-forms-required\">*<\/sup><\/label><input type=\"email\" name=\"wpzf_input_email\" id=\"input_email\" placeholder=\"\" required data-replyto=\"true\" class=\"wp-block-wpzoom-forms-text-email-field fullwidth\"\/>\n\n\n\n<label for=\"input_subject\"><label for=\"input_subject\">Asunto<\/label><sup class=\"wp-block-wpzoom-forms-required\">*<\/sup><\/label><input type=\"text\" name=\"wpzf_input_subject\" id=\"input_subject\" placeholder=\"\" required data-subject=\"true\" class=\"wp-block-wpzoom-forms-text-plain-field fullwidth\"\/>\n\n\n\n<label for=\"input_message\"><label for=\"input_message\">Mensaje<\/label><sup class=\"wp-block-wpzoom-forms-required\">*<\/sup><\/label><textarea name=\"wpzf_input_message\" id=\"input_message\" cols=\"55\" rows=\"10\" placeholder=\"\" required class=\"wp-block-wpzoom-forms-textarea-field fullwidth\"><\/textarea>\n<\/div>\n<\/div>\n\n\n\n<div class=\"wp-block-columns is-layout-flex wp-container-core-columns-is-layout-28f84493 wp-block-columns-is-layout-flex\">\n<div class=\"wp-block-column is-layout-flow wp-block-column-is-layout-flow\" style=\"flex-basis:30%\">\n<input type=\"submit\" id=\"input_submit\" value=\"Enviar\" class=\"wp-block-wpzoom-forms-submit-field\"\/>\n<\/div>\n\n\n\n<div class=\"wp-block-column is-layout-flow wp-block-column-is-layout-flow\" style=\"flex-basis:70%\">\n<p class=\"has-text-align-right\" style=\"font-size:clamp(14px, 0.875rem + ((1vw - 3.2px) * 0.208), 16px);px\">Campos con <strong class=\"has-accent-color has-text-color\">*<\/strong> son obligatorios.<\/p>\n<\/div>\n<\/div>\n<\/div>\n<\/div>\n\n\t\t\t<input type=\"hidden\" name=\"wpzf_replyto\" value=\"wpzf_input_email\" \/><input type=\"hidden\" name=\"wpzf_subject\" value=\"wpzf_input_subject\" \/><\/form>\n\t\t\t\n\t\t\t<!-- ZOOM Forms End -->\t\t\t\t<\/div>\n\t\t\t\t<\/div>\n\t\t\t\t\t<\/div>\n\t\t<\/div>\n\t\t\t\t\t<\/div>\n\t\t<\/section>\n\t\t\t\t<\/div>","protected":false},"excerpt":{"rendered":"<p>Let\u2019s Make Your MoviE! Have a question? Ready to turn your story into a film adventure? We\u2019d love to hear from you. Whether you\u2019re planning a celebration, an unforgettable group activity, or just want to star in a spectacular film, our team is here to guide you through every step. \u00a0 OOOR \u00a0 Become Our Partner Are you a travel concierge, DMC, event planner, luxury brand, elite club, wedding organizer, influencer, creative professional or a [&hellip;]<\/p>\n","protected":false},"author":1,"featured_media":0,"parent":0,"menu_order":0,"comment_status":"closed","ping_status":"closed","template":"page-templates\/full-width-no-title.php","meta":{"inspiro_page_layout":"narrow","inspiro_hide_title":false,"footnotes":""},"class_list":["post-628","page","type-page","status-publish","hentry"],"yoast_head":"<!-- This site is optimized with the Yoast SEO plugin v27.3 - https:\/\/yoast.com\/product\/yoast-seo-wordpress\/ -->\n<title>CONTACT - InsideYourMoviE<\/title>\n<meta name=\"robots\" content=\"index, follow, max-snippet:-1, max-image-preview:large, max-video-preview:-1\" \/>\n<link rel=\"canonical\" href=\"https:\/\/insideyourmovie.com\/es\/contact\/\" \/>\n<meta property=\"og:locale\" content=\"es_ES\" \/>\n<meta property=\"og:type\" content=\"article\" \/>\n<meta property=\"og:title\" content=\"CONTACT - InsideYourMoviE\" \/>\n<meta property=\"og:description\" content=\"Let\u2019s Make Your MoviE! Have a question? Ready to turn your story into a film adventure? We\u2019d love to hear from you. Whether you\u2019re planning a celebration, an unforgettable group activity, or just want to star in a spectacular film, our team is here to guide you through every step. \u00a0 OOOR \u00a0 Become Our Partner Are you a travel concierge, DMC, event planner, luxury brand, elite club, wedding organizer, influencer, creative professional or a [&hellip;]\" \/>\n<meta property=\"og:url\" content=\"https:\/\/insideyourmovie.com\/es\/contact\/\" \/>\n<meta property=\"og:site_name\" content=\"InsideYourMoviE\" \/>\n<meta property=\"article:publisher\" content=\"https:\/\/www.facebook.com\/people\/Inside-Your-Movie-Personalized-Movie-Experiences\/61557672183380\/\" \/>\n<meta property=\"article:modified_time\" content=\"2025-11-18T18:32:43+00:00\" \/>\n<meta name=\"twitter:card\" content=\"summary_large_image\" \/>\n<meta name=\"twitter:label1\" content=\"Tiempo de lectura\" \/>\n\t<meta name=\"twitter:data1\" content=\"1 minuto\" \/>\n<script type=\"application\/ld+json\" class=\"yoast-schema-graph\">{\"@context\":\"https:\\\/\\\/schema.org\",\"@graph\":[{\"@type\":\"WebPage\",\"@id\":\"https:\\\/\\\/insideyourmovie.com\\\/contact\\\/\",\"url\":\"https:\\\/\\\/insideyourmovie.com\\\/contact\\\/\",\"name\":\"CONTACT - InsideYourMoviE\",\"isPartOf\":{\"@id\":\"https:\\\/\\\/insideyourmovie.com\\\/#website\"},\"datePublished\":\"2009-05-06T16:43:24+00:00\",\"dateModified\":\"2025-11-18T18:32:43+00:00\",\"breadcrumb\":{\"@id\":\"https:\\\/\\\/insideyourmovie.com\\\/contact\\\/#breadcrumb\"},\"inLanguage\":\"es\",\"potentialAction\":[{\"@type\":\"ReadAction\",\"target\":[\"https:\\\/\\\/insideyourmovie.com\\\/contact\\\/\"]}]},{\"@type\":\"BreadcrumbList\",\"@id\":\"https:\\\/\\\/insideyourmovie.com\\\/contact\\\/#breadcrumb\",\"itemListElement\":[{\"@type\":\"ListItem\",\"position\":1,\"name\":\"Home\",\"item\":\"https:\\\/\\\/insideyourmovie.com\\\/\"},{\"@type\":\"ListItem\",\"position\":2,\"name\":\"CONTACT\"}]},{\"@type\":\"WebSite\",\"@id\":\"https:\\\/\\\/insideyourmovie.com\\\/#website\",\"url\":\"https:\\\/\\\/insideyourmovie.com\\\/\",\"name\":\"InsideYourMoviE\",\"description\":\"Star In Your Own Dream Movie\",\"publisher\":{\"@id\":\"https:\\\/\\\/insideyourmovie.com\\\/#organization\"},\"potentialAction\":[{\"@type\":\"SearchAction\",\"target\":{\"@type\":\"EntryPoint\",\"urlTemplate\":\"https:\\\/\\\/insideyourmovie.com\\\/?s={search_term_string}\"},\"query-input\":{\"@type\":\"PropertyValueSpecification\",\"valueRequired\":true,\"valueName\":\"search_term_string\"}}],\"inLanguage\":\"es\"},{\"@type\":\"Organization\",\"@id\":\"https:\\\/\\\/insideyourmovie.com\\\/#organization\",\"name\":\"InsideYourMoviE\",\"url\":\"https:\\\/\\\/insideyourmovie.com\\\/\",\"logo\":{\"@type\":\"ImageObject\",\"inLanguage\":\"es\",\"@id\":\"https:\\\/\\\/insideyourmovie.com\\\/#\\\/schema\\\/logo\\\/image\\\/\",\"url\":\"https:\\\/\\\/i0.wp.com\\\/insideyourmovie.com\\\/wp-content\\\/uploads\\\/2022\\\/12\\\/cropped-LogoTransparency.png?fit=1000%2C250&ssl=1\",\"contentUrl\":\"https:\\\/\\\/i0.wp.com\\\/insideyourmovie.com\\\/wp-content\\\/uploads\\\/2022\\\/12\\\/cropped-LogoTransparency.png?fit=1000%2C250&ssl=1\",\"width\":1000,\"height\":250,\"caption\":\"InsideYourMoviE\"},\"image\":{\"@id\":\"https:\\\/\\\/insideyourmovie.com\\\/#\\\/schema\\\/logo\\\/image\\\/\"},\"sameAs\":[\"https:\\\/\\\/www.facebook.com\\\/people\\\/Inside-Your-Movie-Personalized-Movie-Experiences\\\/61557672183380\\\/\"]}]}<\/script>\n<!-- \/ Yoast SEO plugin. -->","yoast_head_json":{"title":"CONTACT - InsideYourMoviE","robots":{"index":"index","follow":"follow","max-snippet":"max-snippet:-1","max-image-preview":"max-image-preview:large","max-video-preview":"max-video-preview:-1"},"canonical":"https:\/\/insideyourmovie.com\/es\/contact\/","og_locale":"es_ES","og_type":"article","og_title":"CONTACT - InsideYourMoviE","og_description":"Let\u2019s Make Your MoviE! Have a question? Ready to turn your story into a film adventure? We\u2019d love to hear from you. Whether you\u2019re planning a celebration, an unforgettable group activity, or just want to star in a spectacular film, our team is here to guide you through every step. \u00a0 OOOR \u00a0 Become Our Partner Are you a travel concierge, DMC, event planner, luxury brand, elite club, wedding organizer, influencer, creative professional or a [&hellip;]","og_url":"https:\/\/insideyourmovie.com\/es\/contact\/","og_site_name":"InsideYourMoviE","article_publisher":"https:\/\/www.facebook.com\/people\/Inside-Your-Movie-Personalized-Movie-Experiences\/61557672183380\/","article_modified_time":"2025-11-18T18:32:43+00:00","twitter_card":"summary_large_image","twitter_misc":{"Tiempo de lectura":"1 minuto"},"schema":{"@context":"https:\/\/schema.org","@graph":[{"@type":"WebPage","@id":"https:\/\/insideyourmovie.com\/contact\/","url":"https:\/\/insideyourmovie.com\/contact\/","name":"CONTACT - InsideYourMoviE","isPartOf":{"@id":"https:\/\/insideyourmovie.com\/#website"},"datePublished":"2009-05-06T16:43:24+00:00","dateModified":"2025-11-18T18:32:43+00:00","breadcrumb":{"@id":"https:\/\/insideyourmovie.com\/contact\/#breadcrumb"},"inLanguage":"es","potentialAction":[{"@type":"ReadAction","target":["https:\/\/insideyourmovie.com\/contact\/"]}]},{"@type":"BreadcrumbList","@id":"https:\/\/insideyourmovie.com\/contact\/#breadcrumb","itemListElement":[{"@type":"ListItem","position":1,"name":"Home","item":"https:\/\/insideyourmovie.com\/"},{"@type":"ListItem","position":2,"name":"CONTACT"}]},{"@type":"WebSite","@id":"https:\/\/insideyourmovie.com\/#website","url":"https:\/\/insideyourmovie.com\/","name":"InsideYourMoviE","description":"Star In Your Own Dream Movie","publisher":{"@id":"https:\/\/insideyourmovie.com\/#organization"},"potentialAction":[{"@type":"SearchAction","target":{"@type":"EntryPoint","urlTemplate":"https:\/\/insideyourmovie.com\/?s={search_term_string}"},"query-input":{"@type":"PropertyValueSpecification","valueRequired":true,"valueName":"search_term_string"}}],"inLanguage":"es"},{"@type":"Organization","@id":"https:\/\/insideyourmovie.com\/#organization","name":"InsideYourMoviE","url":"https:\/\/insideyourmovie.com\/","logo":{"@type":"ImageObject","inLanguage":"es","@id":"https:\/\/insideyourmovie.com\/#\/schema\/logo\/image\/","url":"https:\/\/i0.wp.com\/insideyourmovie.com\/wp-content\/uploads\/2022\/12\/cropped-LogoTransparency.png?fit=1000%2C250&ssl=1","contentUrl":"https:\/\/i0.wp.com\/insideyourmovie.com\/wp-content\/uploads\/2022\/12\/cropped-LogoTransparency.png?fit=1000%2C250&ssl=1","width":1000,"height":250,"caption":"InsideYourMoviE"},"image":{"@id":"https:\/\/insideyourmovie.com\/#\/schema\/logo\/image\/"},"sameAs":["https:\/\/www.facebook.com\/people\/Inside-Your-Movie-Personalized-Movie-Experiences\/61557672183380\/"]}]}},"jetpack_sharing_enabled":true,"featured_media_urls":[],"_links":{"self":[{"href":"https:\/\/insideyourmovie.com\/es\/wp-json\/wp\/v2\/pages\/628","targetHints":{"allow":["GET"]}}],"collection":[{"href":"https:\/\/insideyourmovie.com\/es\/wp-json\/wp\/v2\/pages"}],"about":[{"href":"https:\/\/insideyourmovie.com\/es\/wp-json\/wp\/v2\/types\/page"}],"author":[{"embeddable":true,"href":"https:\/\/insideyourmovie.com\/es\/wp-json\/wp\/v2\/users\/1"}],"replies":[{"embeddable":true,"href":"https:\/\/insideyourmovie.com\/es\/wp-json\/wp\/v2\/comments?post=628"}],"version-history":[{"count":10,"href":"https:\/\/insideyourmovie.com\/es\/wp-json\/wp\/v2\/pages\/628\/revisions"}],"predecessor-version":[{"id":9090,"href":"https:\/\/insideyourmovie.com\/es\/wp-json\/wp\/v2\/pages\/628\/revisions\/9090"}],"wp:attachment":[{"href":"https:\/\/insideyourmovie.com\/es\/wp-json\/wp\/v2\/media?parent=628"}],"curies":[{"name":"wp","href":"https:\/\/api.w.org\/{rel}","templated":true}]}}