{"id":7067,"date":"2024-01-02T21:06:43","date_gmt":"2024-01-02T21:06:43","guid":{"rendered":"https:\/\/insideyourmovie.com\/?page_id=7067"},"modified":"2025-12-17T11:28:47","modified_gmt":"2025-12-17T11:28:47","slug":"agents","status":"publish","type":"page","link":"https:\/\/insideyourmovie.com\/es\/agents\/","title":{"rendered":"Agentes"},"content":{"rendered":"<div data-elementor-type=\"wp-page\" data-elementor-id=\"7067\" class=\"elementor elementor-7067\">\n\t\t\t\t\t\t<section class=\"elementor-section elementor-top-section elementor-element elementor-element-3dcb9ade elementor-section-content-middle elementor-reverse-mobile elementor-section-stretched elementor-section-boxed elementor-section-height-default elementor-section-height-default\" data-id=\"3dcb9ade\" data-element_type=\"section\" data-e-type=\"section\" data-settings=\"{&quot;stretch_section&quot;:&quot;section-stretched&quot;}\">\n\t\t\t\t\t\t<div class=\"elementor-container elementor-column-gap-default\">\n\t\t\t\t\t<div class=\"elementor-column elementor-col-50 elementor-top-column elementor-element elementor-element-909579d\" data-id=\"909579d\" data-element_type=\"column\" data-e-type=\"column\">\n\t\t\t<div class=\"elementor-widget-wrap elementor-element-populated\">\n\t\t\t\t\t\t<div class=\"elementor-element elementor-element-6def8532 elementor-widget elementor-widget-heading\" data-id=\"6def8532\" data-element_type=\"widget\" data-e-type=\"widget\" data-widget_type=\"heading.default\">\n\t\t\t\t<div class=\"elementor-widget-container\">\n\t\t\t\t\t<h2 class=\"elementor-heading-title elementor-size-default\">Creemos Experiencias Inolvidables Juntos<\/h2>\t\t\t\t<\/div>\n\t\t\t\t<\/div>\n\t\t\t\t<div class=\"elementor-element elementor-element-133f368a elementor-widget elementor-widget-text-editor\" data-id=\"133f368a\" data-element_type=\"widget\" data-e-type=\"widget\" data-widget_type=\"text-editor.default\">\n\t\t\t\t<div class=\"elementor-widget-container\">\n\t\t\t\t\t\t\t\t\t<p>Las aventuras cinematogr\u00e1ficas de Inside Your Movie se alinean de manera natural con el turismo de lujo, el estilo de vida y los eventos exclusivos. Muchas de nuestras experiencias cinematogr\u00e1ficas pueden integrarse sin esfuerzo en paquetes de viaje, celebraciones o itinerarios personalizados, ofreciendo a tus clientes algo realmente extraordinario.<\/p>\n<p>Nuestros socios:<\/p>\n<ul>\n<li aria-level=\"1\">Agentes de viajes y concierge<br \/><br \/><\/li>\n<li aria-level=\"1\">Organizadores de viajes de incentivos<br \/><br \/><\/li>\n<li aria-level=\"1\">Organizadores de bodas y eventos<br \/><br \/><\/li>\n<li aria-level=\"1\">Marcas de lujo<br \/><br \/><\/li>\n<li aria-level=\"1\">Clubes exclusivos y redes privadas de miembros<br \/><br \/><\/li>\n<li aria-level=\"1\">Influencers y creadores de contenido<br \/><br \/><\/li>\n<li aria-level=\"1\">Comunidades de cosplay y grupos de fans<br \/>...y mucho m\u00e1s.<br \/><br \/><\/li>\n<\/ul>\n<p>Si deseas ofrecer una experiencia cinematogr\u00e1fica \u00fanica a tus clientes, invitados o audiencia, nos encantar\u00eda saber de ti. Descubramos juntos c\u00f3mo podemos crear algo memorable.<\/p>\t\t\t\t\t\t\t\t<\/div>\n\t\t\t\t<\/div>\n\t\t\t\t\t<\/div>\n\t\t<\/div>\n\t\t\t\t<div class=\"elementor-column elementor-col-50 elementor-top-column elementor-element elementor-element-4a1ef41b\" data-id=\"4a1ef41b\" data-element_type=\"column\" data-e-type=\"column\">\n\t\t\t<div class=\"elementor-widget-wrap elementor-element-populated\">\n\t\t\t\t\t\t<div class=\"elementor-element elementor-element-6ca24e3d elementor-widget elementor-widget-image\" data-id=\"6ca24e3d\" data-element_type=\"widget\" data-e-type=\"widget\" data-widget_type=\"image.default\">\n\t\t\t\t<div class=\"elementor-widget-container\">\n\t\t\t\t\t\t\t\t\t\t\t\t\t\t\t<img fetchpriority=\"high\" decoding=\"async\" data-attachment-id=\"9074\" data-permalink=\"https:\/\/insideyourmovie.com\/es\/agents\/excellencecustemerexperienceaward-team-spain\/\" data-orig-file=\"https:\/\/i0.wp.com\/insideyourmovie.com\/wp-content\/uploads\/2025\/11\/ExcellenceCustemerExperienceAward-Team-Spain.jpeg?fit=1200%2C1600&amp;ssl=1\" data-orig-size=\"1200,1600\" data-comments-opened=\"1\" data-image-meta=\"{&quot;aperture&quot;:&quot;0&quot;,&quot;credit&quot;:&quot;&quot;,&quot;camera&quot;:&quot;&quot;,&quot;caption&quot;:&quot;&quot;,&quot;created_timestamp&quot;:&quot;0&quot;,&quot;copyright&quot;:&quot;&quot;,&quot;focal_length&quot;:&quot;0&quot;,&quot;iso&quot;:&quot;0&quot;,&quot;shutter_speed&quot;:&quot;0&quot;,&quot;title&quot;:&quot;&quot;,&quot;orientation&quot;:&quot;0&quot;}\" data-image-title=\"inside-your-movie-award-tis-seville-2025\" data-image-description=\"\" data-image-caption=\"&lt;p&gt;Inside Your Movie at TIS Seville 2025, where it received the Excellence in Customer Experience Award&lt;\/p&gt;\" data-medium-file=\"https:\/\/i0.wp.com\/insideyourmovie.com\/wp-content\/uploads\/2025\/11\/ExcellenceCustemerExperienceAward-Team-Spain.jpeg?fit=225%2C300&amp;ssl=1\" data-large-file=\"https:\/\/i0.wp.com\/insideyourmovie.com\/wp-content\/uploads\/2025\/11\/ExcellenceCustemerExperienceAward-Team-Spain.jpeg?fit=768%2C1024&amp;ssl=1\" width=\"1200\" height=\"1600\" src=\"https:\/\/i0.wp.com\/insideyourmovie.com\/wp-content\/uploads\/2025\/11\/ExcellenceCustemerExperienceAward-Team-Spain.jpeg?fit=1200%2C1600&amp;ssl=1\" class=\"attachment-full size-full wp-image-9074\" alt=\"Inside Your Movie receiving award at TIS Seville 2025 for customer experience\" srcset=\"https:\/\/i0.wp.com\/insideyourmovie.com\/wp-content\/uploads\/2025\/11\/ExcellenceCustemerExperienceAward-Team-Spain.jpeg?w=1200&amp;ssl=1 1200w, https:\/\/i0.wp.com\/insideyourmovie.com\/wp-content\/uploads\/2025\/11\/ExcellenceCustemerExperienceAward-Team-Spain.jpeg?resize=225%2C300&amp;ssl=1 225w, https:\/\/i0.wp.com\/insideyourmovie.com\/wp-content\/uploads\/2025\/11\/ExcellenceCustemerExperienceAward-Team-Spain.jpeg?resize=768%2C1024&amp;ssl=1 768w, https:\/\/i0.wp.com\/insideyourmovie.com\/wp-content\/uploads\/2025\/11\/ExcellenceCustemerExperienceAward-Team-Spain.jpeg?resize=1152%2C1536&amp;ssl=1 1152w, https:\/\/i0.wp.com\/insideyourmovie.com\/wp-content\/uploads\/2025\/11\/ExcellenceCustemerExperienceAward-Team-Spain.jpeg?resize=9%2C12&amp;ssl=1 9w, https:\/\/i0.wp.com\/insideyourmovie.com\/wp-content\/uploads\/2025\/11\/ExcellenceCustemerExperienceAward-Team-Spain.jpeg?resize=1000%2C1333&amp;ssl=1 1000w, https:\/\/i0.wp.com\/insideyourmovie.com\/wp-content\/uploads\/2025\/11\/ExcellenceCustemerExperienceAward-Team-Spain.jpeg?resize=420%2C560&amp;ssl=1 420w\" sizes=\"(max-width: 930px) 100vw, 930px\" \/>\t\t\t\t\t\t\t\t\t\t\t\t\t\t\t<\/div>\n\t\t\t\t<\/div>\n\t\t\t\t\t<\/div>\n\t\t<\/div>\n\t\t\t\t\t<\/div>\n\t\t<\/section>\n\t\t\t\t<section class=\"elementor-section elementor-top-section elementor-element elementor-element-1d0da213 elementor-section-boxed elementor-section-height-default elementor-section-height-default\" data-id=\"1d0da213\" data-element_type=\"section\" data-e-type=\"section\">\n\t\t\t\t\t\t<div class=\"elementor-container elementor-column-gap-no\">\n\t\t\t\t\t<div class=\"elementor-column elementor-col-100 elementor-top-column elementor-element elementor-element-70bf922d\" data-id=\"70bf922d\" data-element_type=\"column\" data-e-type=\"column\">\n\t\t\t<div class=\"elementor-widget-wrap elementor-element-populated\">\n\t\t\t\t\t\t<div class=\"elementor-element elementor-element-19e2e03d elementor-widget-divider--view-line elementor-widget elementor-widget-divider\" data-id=\"19e2e03d\" data-element_type=\"widget\" data-e-type=\"widget\" data-widget_type=\"divider.default\">\n\t\t\t\t<div class=\"elementor-widget-container\">\n\t\t\t\t\t\t\t<div class=\"elementor-divider\">\n\t\t\t<span class=\"elementor-divider-separator\">\n\t\t\t\t\t\t<\/span>\n\t\t<\/div>\n\t\t\t\t\t\t<\/div>\n\t\t\t\t<\/div>\n\t\t\t\t<div class=\"elementor-element elementor-element-d0318d3 elementor-widget elementor-widget-heading\" data-id=\"d0318d3\" data-element_type=\"widget\" data-e-type=\"widget\" data-widget_type=\"heading.default\">\n\t\t\t\t<div class=\"elementor-widget-container\">\n\t\t\t\t\t<h3 class=\"elementor-heading-title elementor-size-default\">\u00bfInteresado en ser nuestro asociado?<\/h3>\t\t\t\t<\/div>\n\t\t\t\t<\/div>\n\t\t\t\t<div class=\"elementor-element elementor-element-1f3d2797 elementor-align-center elementor-widget elementor-widget-button\" data-id=\"1f3d2797\" data-element_type=\"widget\" data-e-type=\"widget\" data-widget_type=\"button.default\">\n\t\t\t\t<div class=\"elementor-widget-container\">\n\t\t\t\t\t\t\t\t\t<div class=\"elementor-button-wrapper\">\n\t\t\t\t\t<a class=\"elementor-button elementor-button-link elementor-size-lg\" href=\"https:\/\/insideyourmovie.com\/es\/contact\/\">\n\t\t\t\t\t\t<span class=\"elementor-button-content-wrapper\">\n\t\t\t\t\t\t\t\t\t<span class=\"elementor-button-text\">Cont\u00e1ctanos<\/span>\n\t\t\t\t\t<\/span>\n\t\t\t\t\t<\/a>\n\t\t\t\t<\/div>\n\t\t\t\t\t\t\t\t<\/div>\n\t\t\t\t<\/div>\n\t\t\t\t\t<\/div>\n\t\t<\/div>\n\t\t\t\t\t<\/div>\n\t\t<\/section>\n\t\t\t\t<\/div>","protected":false},"excerpt":{"rendered":"<p>Let\u2019s Create Unforgettable Experiences Together Inside Your Movie film adventures naturally align with luxury travel, lifestyle, and high-end events. Many of our cinematic adventures can be seamlessly integrated into travel packages, celebrations, or curated itineraries &#8211; offering your clients something truly extraordinary. We proudly collaborate with: Travel agents &amp; concierge services Incentive travel planners Wedding &amp; event organizers Luxury lifestyle brands Elite clubs &amp; private member networks Influencers &amp; content creators Cosplay communities and fan [&hellip;]<\/p>\n","protected":false},"author":1,"featured_media":6450,"parent":0,"menu_order":0,"comment_status":"closed","ping_status":"closed","template":"","meta":{"inspiro_page_layout":"narrow","inspiro_hide_title":false,"footnotes":""},"class_list":["post-7067","page","type-page","status-publish","has-post-thumbnail","hentry"],"yoast_head":"<!-- This site is optimized with the Yoast SEO plugin v27.3 - https:\/\/yoast.com\/product\/yoast-seo-wordpress\/ -->\n<title>Agents - InsideYourMoviE<\/title>\n<meta name=\"description\" content=\"Discover how a travel agent in Spain can enhance your luxury travel and cinematic experience with bespoke itineraries.\" \/>\n<meta name=\"robots\" content=\"index, follow, max-snippet:-1, max-image-preview:large, max-video-preview:-1\" \/>\n<link rel=\"canonical\" href=\"https:\/\/insideyourmovie.com\/es\/agents\/\" \/>\n<meta property=\"og:locale\" content=\"es_ES\" \/>\n<meta property=\"og:type\" content=\"article\" \/>\n<meta property=\"og:title\" content=\"Agents - InsideYourMoviE\" \/>\n<meta property=\"og:description\" content=\"Discover how a travel agent in Spain can enhance your luxury travel and cinematic experience with bespoke itineraries.\" \/>\n<meta property=\"og:url\" content=\"https:\/\/insideyourmovie.com\/es\/agents\/\" \/>\n<meta property=\"og:site_name\" content=\"InsideYourMoviE\" \/>\n<meta property=\"article:publisher\" content=\"https:\/\/www.facebook.com\/people\/Inside-Your-Movie-Personalized-Movie-Experiences\/61557672183380\/\" \/>\n<meta property=\"article:modified_time\" content=\"2025-12-17T11:28:47+00:00\" \/>\n<meta name=\"twitter:card\" content=\"summary_large_image\" \/>\n<meta name=\"twitter:image\" content=\"https:\/\/i0.wp.com\/insideyourmovie.com\/wp-content\/uploads\/2021\/06\/ian-schneider-TamMbr4okv4-unsplash.jpg?fit=%2C&ssl=1\" \/>\n<meta name=\"twitter:label1\" content=\"Tiempo de lectura\" \/>\n\t<meta name=\"twitter:data1\" content=\"1 minuto\" \/>\n<script type=\"application\/ld+json\" class=\"yoast-schema-graph\">{\"@context\":\"https:\\\/\\\/schema.org\",\"@graph\":[{\"@type\":\"WebPage\",\"@id\":\"https:\\\/\\\/insideyourmovie.com\\\/agents\\\/\",\"url\":\"https:\\\/\\\/insideyourmovie.com\\\/agents\\\/\",\"name\":\"Agents - InsideYourMoviE\",\"isPartOf\":{\"@id\":\"https:\\\/\\\/insideyourmovie.com\\\/#website\"},\"primaryImageOfPage\":{\"@id\":\"https:\\\/\\\/insideyourmovie.com\\\/agents\\\/#primaryimage\"},\"image\":{\"@id\":\"https:\\\/\\\/insideyourmovie.com\\\/agents\\\/#primaryimage\"},\"thumbnailUrl\":\"https:\\\/\\\/i0.wp.com\\\/insideyourmovie.com\\\/wp-content\\\/uploads\\\/2021\\\/06\\\/ian-schneider-TamMbr4okv4-unsplash.jpg?fit=%2C&ssl=1\",\"datePublished\":\"2024-01-02T21:06:43+00:00\",\"dateModified\":\"2025-12-17T11:28:47+00:00\",\"description\":\"Discover how a travel agent in Spain can enhance your luxury travel and cinematic experience with bespoke itineraries.\",\"breadcrumb\":{\"@id\":\"https:\\\/\\\/insideyourmovie.com\\\/agents\\\/#breadcrumb\"},\"inLanguage\":\"es\",\"potentialAction\":[{\"@type\":\"ReadAction\",\"target\":[\"https:\\\/\\\/insideyourmovie.com\\\/agents\\\/\"]}]},{\"@type\":\"ImageObject\",\"inLanguage\":\"es\",\"@id\":\"https:\\\/\\\/insideyourmovie.com\\\/agents\\\/#primaryimage\",\"url\":\"https:\\\/\\\/i0.wp.com\\\/insideyourmovie.com\\\/wp-content\\\/uploads\\\/2021\\\/06\\\/ian-schneider-TamMbr4okv4-unsplash.jpg?fit=%2C&ssl=1\",\"contentUrl\":\"https:\\\/\\\/i0.wp.com\\\/insideyourmovie.com\\\/wp-content\\\/uploads\\\/2021\\\/06\\\/ian-schneider-TamMbr4okv4-unsplash.jpg?fit=%2C&ssl=1\"},{\"@type\":\"BreadcrumbList\",\"@id\":\"https:\\\/\\\/insideyourmovie.com\\\/agents\\\/#breadcrumb\",\"itemListElement\":[{\"@type\":\"ListItem\",\"position\":1,\"name\":\"Home\",\"item\":\"https:\\\/\\\/insideyourmovie.com\\\/\"},{\"@type\":\"ListItem\",\"position\":2,\"name\":\"Agents\"}]},{\"@type\":\"WebSite\",\"@id\":\"https:\\\/\\\/insideyourmovie.com\\\/#website\",\"url\":\"https:\\\/\\\/insideyourmovie.com\\\/\",\"name\":\"InsideYourMoviE\",\"description\":\"Star In Your Own Dream Movie\",\"publisher\":{\"@id\":\"https:\\\/\\\/insideyourmovie.com\\\/#organization\"},\"potentialAction\":[{\"@type\":\"SearchAction\",\"target\":{\"@type\":\"EntryPoint\",\"urlTemplate\":\"https:\\\/\\\/insideyourmovie.com\\\/?s={search_term_string}\"},\"query-input\":{\"@type\":\"PropertyValueSpecification\",\"valueRequired\":true,\"valueName\":\"search_term_string\"}}],\"inLanguage\":\"es\"},{\"@type\":\"Organization\",\"@id\":\"https:\\\/\\\/insideyourmovie.com\\\/#organization\",\"name\":\"InsideYourMoviE\",\"url\":\"https:\\\/\\\/insideyourmovie.com\\\/\",\"logo\":{\"@type\":\"ImageObject\",\"inLanguage\":\"es\",\"@id\":\"https:\\\/\\\/insideyourmovie.com\\\/#\\\/schema\\\/logo\\\/image\\\/\",\"url\":\"https:\\\/\\\/i0.wp.com\\\/insideyourmovie.com\\\/wp-content\\\/uploads\\\/2022\\\/12\\\/cropped-LogoTransparency.png?fit=1000%2C250&ssl=1\",\"contentUrl\":\"https:\\\/\\\/i0.wp.com\\\/insideyourmovie.com\\\/wp-content\\\/uploads\\\/2022\\\/12\\\/cropped-LogoTransparency.png?fit=1000%2C250&ssl=1\",\"width\":1000,\"height\":250,\"caption\":\"InsideYourMoviE\"},\"image\":{\"@id\":\"https:\\\/\\\/insideyourmovie.com\\\/#\\\/schema\\\/logo\\\/image\\\/\"},\"sameAs\":[\"https:\\\/\\\/www.facebook.com\\\/people\\\/Inside-Your-Movie-Personalized-Movie-Experiences\\\/61557672183380\\\/\"]}]}<\/script>\n<!-- \/ Yoast SEO plugin. -->","yoast_head_json":{"title":"Agents - InsideYourMoviE","description":"Discover how a travel agent in Spain can enhance your luxury travel and cinematic experience with bespoke itineraries.","robots":{"index":"index","follow":"follow","max-snippet":"max-snippet:-1","max-image-preview":"max-image-preview:large","max-video-preview":"max-video-preview:-1"},"canonical":"https:\/\/insideyourmovie.com\/es\/agents\/","og_locale":"es_ES","og_type":"article","og_title":"Agents - InsideYourMoviE","og_description":"Discover how a travel agent in Spain can enhance your luxury travel and cinematic experience with bespoke itineraries.","og_url":"https:\/\/insideyourmovie.com\/es\/agents\/","og_site_name":"InsideYourMoviE","article_publisher":"https:\/\/www.facebook.com\/people\/Inside-Your-Movie-Personalized-Movie-Experiences\/61557672183380\/","article_modified_time":"2025-12-17T11:28:47+00:00","twitter_card":"summary_large_image","twitter_image":"https:\/\/i0.wp.com\/insideyourmovie.com\/wp-content\/uploads\/2021\/06\/ian-schneider-TamMbr4okv4-unsplash.jpg?fit=%2C&ssl=1","twitter_misc":{"Tiempo de lectura":"1 minuto"},"schema":{"@context":"https:\/\/schema.org","@graph":[{"@type":"WebPage","@id":"https:\/\/insideyourmovie.com\/agents\/","url":"https:\/\/insideyourmovie.com\/agents\/","name":"Agents - InsideYourMoviE","isPartOf":{"@id":"https:\/\/insideyourmovie.com\/#website"},"primaryImageOfPage":{"@id":"https:\/\/insideyourmovie.com\/agents\/#primaryimage"},"image":{"@id":"https:\/\/insideyourmovie.com\/agents\/#primaryimage"},"thumbnailUrl":"https:\/\/i0.wp.com\/insideyourmovie.com\/wp-content\/uploads\/2021\/06\/ian-schneider-TamMbr4okv4-unsplash.jpg?fit=%2C&ssl=1","datePublished":"2024-01-02T21:06:43+00:00","dateModified":"2025-12-17T11:28:47+00:00","description":"Discover how a travel agent in Spain can enhance your luxury travel and cinematic experience with bespoke itineraries.","breadcrumb":{"@id":"https:\/\/insideyourmovie.com\/agents\/#breadcrumb"},"inLanguage":"es","potentialAction":[{"@type":"ReadAction","target":["https:\/\/insideyourmovie.com\/agents\/"]}]},{"@type":"ImageObject","inLanguage":"es","@id":"https:\/\/insideyourmovie.com\/agents\/#primaryimage","url":"https:\/\/i0.wp.com\/insideyourmovie.com\/wp-content\/uploads\/2021\/06\/ian-schneider-TamMbr4okv4-unsplash.jpg?fit=%2C&ssl=1","contentUrl":"https:\/\/i0.wp.com\/insideyourmovie.com\/wp-content\/uploads\/2021\/06\/ian-schneider-TamMbr4okv4-unsplash.jpg?fit=%2C&ssl=1"},{"@type":"BreadcrumbList","@id":"https:\/\/insideyourmovie.com\/agents\/#breadcrumb","itemListElement":[{"@type":"ListItem","position":1,"name":"Home","item":"https:\/\/insideyourmovie.com\/"},{"@type":"ListItem","position":2,"name":"Agents"}]},{"@type":"WebSite","@id":"https:\/\/insideyourmovie.com\/#website","url":"https:\/\/insideyourmovie.com\/","name":"InsideYourMoviE","description":"Star In Your Own Dream Movie","publisher":{"@id":"https:\/\/insideyourmovie.com\/#organization"},"potentialAction":[{"@type":"SearchAction","target":{"@type":"EntryPoint","urlTemplate":"https:\/\/insideyourmovie.com\/?s={search_term_string}"},"query-input":{"@type":"PropertyValueSpecification","valueRequired":true,"valueName":"search_term_string"}}],"inLanguage":"es"},{"@type":"Organization","@id":"https:\/\/insideyourmovie.com\/#organization","name":"InsideYourMoviE","url":"https:\/\/insideyourmovie.com\/","logo":{"@type":"ImageObject","inLanguage":"es","@id":"https:\/\/insideyourmovie.com\/#\/schema\/logo\/image\/","url":"https:\/\/i0.wp.com\/insideyourmovie.com\/wp-content\/uploads\/2022\/12\/cropped-LogoTransparency.png?fit=1000%2C250&ssl=1","contentUrl":"https:\/\/i0.wp.com\/insideyourmovie.com\/wp-content\/uploads\/2022\/12\/cropped-LogoTransparency.png?fit=1000%2C250&ssl=1","width":1000,"height":250,"caption":"InsideYourMoviE"},"image":{"@id":"https:\/\/insideyourmovie.com\/#\/schema\/logo\/image\/"},"sameAs":["https:\/\/www.facebook.com\/people\/Inside-Your-Movie-Personalized-Movie-Experiences\/61557672183380\/"]}]}},"jetpack_sharing_enabled":true,"featured_media_urls":{"thumbnail":["https:\/\/i0.wp.com\/insideyourmovie.com\/wp-content\/uploads\/2021\/06\/ian-schneider-TamMbr4okv4-unsplash.jpg?resize=150%2C150&ssl=1",false,false,true],"medium":["https:\/\/i0.wp.com\/insideyourmovie.com\/wp-content\/uploads\/2021\/06\/ian-schneider-TamMbr4okv4-unsplash.jpg?fit=300%2C300&ssl=1",false,false,true],"medium_large":["https:\/\/i0.wp.com\/insideyourmovie.com\/wp-content\/uploads\/2021\/06\/ian-schneider-TamMbr4okv4-unsplash.jpg?w=768&ssl=1",false,false,true],"large":["https:\/\/i0.wp.com\/insideyourmovie.com\/wp-content\/uploads\/2021\/06\/ian-schneider-TamMbr4okv4-unsplash.jpg?fit=1024%2C1024&ssl=1",false,false,true],"1536x1536":["https:\/\/i0.wp.com\/insideyourmovie.com\/wp-content\/uploads\/2021\/06\/ian-schneider-TamMbr4okv4-unsplash.jpg?fit=1536%2C1536&ssl=1",false,false,true],"2048x2048":["https:\/\/i0.wp.com\/insideyourmovie.com\/wp-content\/uploads\/2021\/06\/ian-schneider-TamMbr4okv4-unsplash.jpg?fit=2048%2C2048&ssl=1",false,false,true],"trp-custom-language-flag":["https:\/\/i0.wp.com\/insideyourmovie.com\/wp-content\/uploads\/2021\/06\/ian-schneider-TamMbr4okv4-unsplash.jpg?fit=18%2C12&ssl=1",false,false,true],"featured":["https:\/\/i0.wp.com\/insideyourmovie.com\/wp-content\/uploads\/2021\/06\/ian-schneider-TamMbr4okv4-unsplash.jpg?w=2000&ssl=1",false,false,true],"featured@2x":["https:\/\/i0.wp.com\/insideyourmovie.com\/wp-content\/uploads\/2021\/06\/ian-schneider-TamMbr4okv4-unsplash.jpg?w=3000&ssl=1",false,false,true],"featured-small":["https:\/\/i0.wp.com\/insideyourmovie.com\/wp-content\/uploads\/2021\/06\/ian-schneider-TamMbr4okv4-unsplash.jpg?w=1000&ssl=1",false,false,true],"recent-thumbnail":["https:\/\/i0.wp.com\/insideyourmovie.com\/wp-content\/uploads\/2021\/06\/ian-schneider-TamMbr4okv4-unsplash.jpg?resize=345%2C192&ssl=1",false,false,true],"recent-thumbnail-retina":["https:\/\/i0.wp.com\/insideyourmovie.com\/wp-content\/uploads\/2021\/06\/ian-schneider-TamMbr4okv4-unsplash.jpg?resize=690%2C384&ssl=1",false,false,true],"woo-featured":["https:\/\/i0.wp.com\/insideyourmovie.com\/wp-content\/uploads\/2021\/06\/ian-schneider-TamMbr4okv4-unsplash.jpg?resize=280%2C280&ssl=1",false,false,true],"entry-cover":["https:\/\/i0.wp.com\/insideyourmovie.com\/wp-content\/uploads\/2021\/06\/ian-schneider-TamMbr4okv4-unsplash.jpg?w=1800&ssl=1",false,false,true],"entry-cover@2x":["https:\/\/i0.wp.com\/insideyourmovie.com\/wp-content\/uploads\/2021\/06\/ian-schneider-TamMbr4okv4-unsplash.jpg?w=3600&ssl=1",false,false,true],"loop":["https:\/\/i0.wp.com\/insideyourmovie.com\/wp-content\/uploads\/2021\/06\/ian-schneider-TamMbr4okv4-unsplash.jpg?resize=950%2C320&ssl=1",false,false,true],"loop@2x":["https:\/\/i0.wp.com\/insideyourmovie.com\/wp-content\/uploads\/2021\/06\/ian-schneider-TamMbr4okv4-unsplash.jpg?resize=1900%2C640&ssl=1",false,false,true],"portfolio-scroller-widget":["https:\/\/i0.wp.com\/insideyourmovie.com\/wp-content\/uploads\/2021\/06\/ian-schneider-TamMbr4okv4-unsplash.jpg?fit=9999%2C560&ssl=1",false,false,true],"portfolio_item-thumbnail":["https:\/\/i0.wp.com\/insideyourmovie.com\/wp-content\/uploads\/2021\/06\/ian-schneider-TamMbr4okv4-unsplash.jpg?resize=600%2C400&ssl=1",false,false,true],"portfolio_item-thumbnail@2x":["https:\/\/i0.wp.com\/insideyourmovie.com\/wp-content\/uploads\/2021\/06\/ian-schneider-TamMbr4okv4-unsplash.jpg?resize=1200%2C800&ssl=1",false,false,true],"portfolio_item-masonry":["https:\/\/i0.wp.com\/insideyourmovie.com\/wp-content\/uploads\/2021\/06\/ian-schneider-TamMbr4okv4-unsplash.jpg?w=600&ssl=1",false,false,true],"portfolio_item-thumbnail_wide":["https:\/\/i0.wp.com\/insideyourmovie.com\/wp-content\/uploads\/2021\/06\/ian-schneider-TamMbr4okv4-unsplash.jpg?resize=1800%2C600&ssl=1",false,false,true],"portfolio_item-thumbnail_wide_cinema":["https:\/\/i0.wp.com\/insideyourmovie.com\/wp-content\/uploads\/2021\/06\/ian-schneider-TamMbr4okv4-unsplash.jpg?resize=1800%2C750&ssl=1",false,false,true],"portfolio_item-thumbnail_cinema":["https:\/\/i0.wp.com\/insideyourmovie.com\/wp-content\/uploads\/2021\/06\/ian-schneider-TamMbr4okv4-unsplash.jpg?resize=800%2C335&ssl=1",false,false,true],"portfolio_item-thumbnail_portrait":["https:\/\/i0.wp.com\/insideyourmovie.com\/wp-content\/uploads\/2021\/06\/ian-schneider-TamMbr4okv4-unsplash.jpg?resize=600%2C900&ssl=1",false,false,true],"portfolio_item-thumbnail_square":["https:\/\/i0.wp.com\/insideyourmovie.com\/wp-content\/uploads\/2021\/06\/ian-schneider-TamMbr4okv4-unsplash.jpg?resize=800%2C800&ssl=1",false,false,true],"portfolio_item-masonry@2x":["https:\/\/i0.wp.com\/insideyourmovie.com\/wp-content\/uploads\/2021\/06\/ian-schneider-TamMbr4okv4-unsplash.jpg?w=1200&ssl=1",false,false,true],"portfolio_item-thumbnail_portrait@2x":["https:\/\/i0.wp.com\/insideyourmovie.com\/wp-content\/uploads\/2021\/06\/ian-schneider-TamMbr4okv4-unsplash.jpg?resize=1200%2C1800&ssl=1",false,false,true]},"_links":{"self":[{"href":"https:\/\/insideyourmovie.com\/es\/wp-json\/wp\/v2\/pages\/7067","targetHints":{"allow":["GET"]}}],"collection":[{"href":"https:\/\/insideyourmovie.com\/es\/wp-json\/wp\/v2\/pages"}],"about":[{"href":"https:\/\/insideyourmovie.com\/es\/wp-json\/wp\/v2\/types\/page"}],"author":[{"embeddable":true,"href":"https:\/\/insideyourmovie.com\/es\/wp-json\/wp\/v2\/users\/1"}],"replies":[{"embeddable":true,"href":"https:\/\/insideyourmovie.com\/es\/wp-json\/wp\/v2\/comments?post=7067"}],"version-history":[{"count":17,"href":"https:\/\/insideyourmovie.com\/es\/wp-json\/wp\/v2\/pages\/7067\/revisions"}],"predecessor-version":[{"id":9311,"href":"https:\/\/insideyourmovie.com\/es\/wp-json\/wp\/v2\/pages\/7067\/revisions\/9311"}],"wp:featuredmedia":[{"embeddable":true,"href":"https:\/\/insideyourmovie.com\/es\/wp-json\/wp\/v2\/media\/6450"}],"wp:attachment":[{"href":"https:\/\/insideyourmovie.com\/es\/wp-json\/wp\/v2\/media?parent=7067"}],"curies":[{"name":"wp","href":"https:\/\/api.w.org\/{rel}","templated":true}]}}