{"id":7371,"date":"2024-03-28T21:20:11","date_gmt":"2024-03-28T21:20:11","guid":{"rendered":"https:\/\/insideyourmovie.com\/?page_id=7371"},"modified":"2026-03-02T18:21:38","modified_gmt":"2026-03-02T18:21:38","slug":"customization","status":"publish","type":"page","link":"https:\/\/insideyourmovie.com\/es\/customization\/","title":{"rendered":"Personalizaci\u00f3n"},"content":{"rendered":"<div data-elementor-type=\"wp-page\" data-elementor-id=\"7371\" class=\"elementor elementor-7371\">\n\t\t\t\t\t\t<section class=\"elementor-section elementor-top-section elementor-element elementor-element-40a83b26 elementor-section-stretched elementor-section-boxed elementor-section-height-default elementor-section-height-default\" data-id=\"40a83b26\" data-element_type=\"section\" data-e-type=\"section\" data-settings=\"{&quot;stretch_section&quot;:&quot;section-stretched&quot;}\">\n\t\t\t\t\t\t<div class=\"elementor-container elementor-column-gap-no\">\n\t\t\t\t\t<div class=\"elementor-column elementor-col-100 elementor-top-column elementor-element elementor-element-3b064c12\" data-id=\"3b064c12\" data-element_type=\"column\" data-e-type=\"column\">\n\t\t\t<div class=\"elementor-widget-wrap elementor-element-populated\">\n\t\t\t\t\t\t<div class=\"elementor-element elementor-element-719fad3f elementor-widget elementor-widget-text-editor\" data-id=\"719fad3f\" data-element_type=\"widget\" data-e-type=\"widget\" data-widget_type=\"text-editor.default\">\n\t\t\t\t<div class=\"elementor-widget-container\">\n\t\t\t\t\t\t\t\t\t<h2><b><i>S\u00e9 creativo: \u00a1Es TU pel\u00edcula!<\/i><\/b><\/h2>\t\t\t\t\t\t\t\t<\/div>\n\t\t\t\t<\/div>\n\t\t\t\t\t<\/div>\n\t\t<\/div>\n\t\t\t\t\t<\/div>\n\t\t<\/section>\n\t\t\t\t<section class=\"elementor-section elementor-top-section elementor-element elementor-element-5453a6c elementor-section-stretched elementor-section-boxed elementor-section-height-default elementor-section-height-default\" data-id=\"5453a6c\" data-element_type=\"section\" data-e-type=\"section\" data-settings=\"{&quot;stretch_section&quot;:&quot;section-stretched&quot;}\">\n\t\t\t\t\t\t<div class=\"elementor-container elementor-column-gap-no\">\n\t\t\t\t\t<div class=\"elementor-column elementor-col-100 elementor-top-column elementor-element elementor-element-2fe0972\" data-id=\"2fe0972\" data-element_type=\"column\" data-e-type=\"column\">\n\t\t\t<div class=\"elementor-widget-wrap elementor-element-populated\">\n\t\t\t\t\t\t<div class=\"elementor-element elementor-element-78145a9 elementor-widget elementor-widget-text-editor\" data-id=\"78145a9\" data-element_type=\"widget\" data-e-type=\"widget\" data-widget_type=\"text-editor.default\">\n\t\t\t\t<div class=\"elementor-widget-container\">\n\t\t\t\t\t\t\t\t\t<p>Las experiencias de Inside Your Movie est\u00e1n hechas a medida para nuestros clientes. Esto no solo significa que puedes decidir cu\u00e1ndo, d\u00f3nde y qu\u00e9 vamos a filmar, sino que tambi\u00e9n puedes participar en todo el proceso creativo del proyecto.<\/p>\t\t\t\t\t\t\t\t<\/div>\n\t\t\t\t<\/div>\n\t\t\t\t\t<\/div>\n\t\t<\/div>\n\t\t\t\t\t<\/div>\n\t\t<\/section>\n\t\t\t\t<section class=\"elementor-section elementor-top-section elementor-element elementor-element-9aeccb4 elementor-section-stretched elementor-section-boxed elementor-section-height-default elementor-section-height-default\" data-id=\"9aeccb4\" data-element_type=\"section\" data-e-type=\"section\" data-settings=\"{&quot;stretch_section&quot;:&quot;section-stretched&quot;}\">\n\t\t\t\t\t\t<div class=\"elementor-container elementor-column-gap-no\">\n\t\t\t\t\t<div class=\"elementor-column elementor-col-50 elementor-top-column elementor-element elementor-element-e4cdbd0\" data-id=\"e4cdbd0\" data-element_type=\"column\" data-e-type=\"column\">\n\t\t\t<div class=\"elementor-widget-wrap elementor-element-populated\">\n\t\t\t\t\t\t<div class=\"elementor-element elementor-element-ed88f49 elementor-widget elementor-widget-heading\" data-id=\"ed88f49\" data-element_type=\"widget\" data-e-type=\"widget\" data-widget_type=\"heading.default\">\n\t\t\t\t<div class=\"elementor-widget-container\">\n\t\t\t\t\t<h2 class=\"elementor-heading-title elementor-size-default\">La Historia<\/h2>\t\t\t\t<\/div>\n\t\t\t\t<\/div>\n\t\t\t\t\t<\/div>\n\t\t<\/div>\n\t\t\t\t<div class=\"elementor-column elementor-col-50 elementor-top-column elementor-element elementor-element-90f5396\" data-id=\"90f5396\" data-element_type=\"column\" data-e-type=\"column\">\n\t\t\t<div class=\"elementor-widget-wrap elementor-element-populated\">\n\t\t\t\t\t\t<div class=\"elementor-element elementor-element-77515fd elementor-widget elementor-widget-text-editor\" data-id=\"77515fd\" data-element_type=\"widget\" data-e-type=\"widget\" data-widget_type=\"text-editor.default\">\n\t\t\t\t<div class=\"elementor-widget-container\">\n\t\t\t\t\t\t\t\t\t<p>Te proponemos una historia base, y t\u00fa puedes modificarla e incluso participar en el dise\u00f1o del guion.<\/p>\t\t\t\t\t\t\t\t<\/div>\n\t\t\t\t<\/div>\n\t\t\t\t\t<\/div>\n\t\t<\/div>\n\t\t\t\t\t<\/div>\n\t\t<\/section>\n\t\t\t\t<section class=\"elementor-section elementor-top-section elementor-element elementor-element-404b5957 elementor-section-stretched elementor-section-boxed elementor-section-height-default elementor-section-height-default\" data-id=\"404b5957\" data-element_type=\"section\" data-e-type=\"section\" data-settings=\"{&quot;stretch_section&quot;:&quot;section-stretched&quot;}\">\n\t\t\t\t\t\t<div class=\"elementor-container elementor-column-gap-no\">\n\t\t\t\t\t<div class=\"elementor-column elementor-col-50 elementor-top-column elementor-element elementor-element-7b676727\" data-id=\"7b676727\" data-element_type=\"column\" data-e-type=\"column\">\n\t\t\t<div class=\"elementor-widget-wrap elementor-element-populated\">\n\t\t\t\t\t\t<div class=\"elementor-element elementor-element-951ee34 elementor-widget elementor-widget-heading\" data-id=\"951ee34\" data-element_type=\"widget\" data-e-type=\"widget\" data-widget_type=\"heading.default\">\n\t\t\t\t<div class=\"elementor-widget-container\">\n\t\t\t\t\t<h2 class=\"elementor-heading-title elementor-size-default\">Personajes<\/h2>\t\t\t\t<\/div>\n\t\t\t\t<\/div>\n\t\t\t\t\t<\/div>\n\t\t<\/div>\n\t\t\t\t<div class=\"elementor-column elementor-col-50 elementor-top-column elementor-element elementor-element-1df5e3ec\" data-id=\"1df5e3ec\" data-element_type=\"column\" data-e-type=\"column\">\n\t\t\t<div class=\"elementor-widget-wrap elementor-element-populated\">\n\t\t\t\t\t\t<div class=\"elementor-element elementor-element-554372a2 elementor-widget elementor-widget-text-editor\" data-id=\"554372a2\" data-element_type=\"widget\" data-e-type=\"widget\" data-widget_type=\"text-editor.default\">\n\t\t\t\t<div class=\"elementor-widget-container\">\n\t\t\t\t\t\t\t\t\t<p>T\u00fa ser\u00e1s quien se disfrace y act\u00fae, por lo que es importante que decidas el aspecto y la personalidad de cada personaje. Adem\u00e1s, puedes elegir si quieres ser protagonista, un personaje secundario o tener un papel de fondo. Si no te apetece ser creativo en este sentido, no te preocupes: podemos ofrecerte sugerencias o ponerte en contacto con nuestro dise\u00f1ador de vestuario.<\/p>\t\t\t\t\t\t\t\t<\/div>\n\t\t\t\t<\/div>\n\t\t\t\t\t<\/div>\n\t\t<\/div>\n\t\t\t\t\t<\/div>\n\t\t<\/section>\n\t\t\t\t<section class=\"elementor-section elementor-top-section elementor-element elementor-element-50502dc elementor-section-stretched elementor-section-boxed elementor-section-height-default elementor-section-height-default\" data-id=\"50502dc\" data-element_type=\"section\" data-e-type=\"section\" data-settings=\"{&quot;stretch_section&quot;:&quot;section-stretched&quot;}\">\n\t\t\t\t\t\t<div class=\"elementor-container elementor-column-gap-no\">\n\t\t\t\t\t<div class=\"elementor-column elementor-col-50 elementor-top-column elementor-element elementor-element-fa64d79\" data-id=\"fa64d79\" data-element_type=\"column\" data-e-type=\"column\">\n\t\t\t<div class=\"elementor-widget-wrap elementor-element-populated\">\n\t\t\t\t\t\t<div class=\"elementor-element elementor-element-91725e3 elementor-widget elementor-widget-heading\" data-id=\"91725e3\" data-element_type=\"widget\" data-e-type=\"widget\" data-widget_type=\"heading.default\">\n\t\t\t\t<div class=\"elementor-widget-container\">\n\t\t\t\t\t<h2 class=\"elementor-heading-title elementor-size-default\">Escenarios Virtuales<\/h2>\t\t\t\t<\/div>\n\t\t\t\t<\/div>\n\t\t\t\t\t<\/div>\n\t\t<\/div>\n\t\t\t\t<div class=\"elementor-column elementor-col-50 elementor-top-column elementor-element elementor-element-ebc1386\" data-id=\"ebc1386\" data-element_type=\"column\" data-e-type=\"column\">\n\t\t\t<div class=\"elementor-widget-wrap elementor-element-populated\">\n\t\t\t\t\t\t<div class=\"elementor-element elementor-element-7596d2e elementor-widget elementor-widget-text-editor\" data-id=\"7596d2e\" data-element_type=\"widget\" data-e-type=\"widget\" data-widget_type=\"text-editor.default\">\n\t\t\t\t<div class=\"elementor-widget-container\">\n\t\t\t\t\t\t\t\t\t<p>Siempre puedes elegir el lugar donde se grabar\u00e1 la historia, seg\u00fan tus intereses y la log\u00edstica. Cuando filmamos en un estudio para entornos generados por computadora, no solo contamos con la comodidad y el control del montaje, sino que tambi\u00e9n podemos modificar y decidir sobre los mundos virtuales en los que transcurre la historia.<\/p>\t\t\t\t\t\t\t\t<\/div>\n\t\t\t\t<\/div>\n\t\t\t\t\t<\/div>\n\t\t<\/div>\n\t\t\t\t\t<\/div>\n\t\t<\/section>\n\t\t\t\t<section class=\"elementor-section elementor-top-section elementor-element elementor-element-905699c elementor-section-stretched elementor-section-boxed elementor-section-height-default elementor-section-height-default\" data-id=\"905699c\" data-element_type=\"section\" data-e-type=\"section\" data-settings=\"{&quot;stretch_section&quot;:&quot;section-stretched&quot;}\">\n\t\t\t\t\t\t<div class=\"elementor-container elementor-column-gap-no\">\n\t\t\t\t\t<div class=\"elementor-column elementor-col-50 elementor-top-column elementor-element elementor-element-d82b1c7\" data-id=\"d82b1c7\" data-element_type=\"column\" data-e-type=\"column\">\n\t\t\t<div class=\"elementor-widget-wrap elementor-element-populated\">\n\t\t\t\t\t\t<div class=\"elementor-element elementor-element-2ffccec elementor-widget elementor-widget-heading\" data-id=\"2ffccec\" data-element_type=\"widget\" data-e-type=\"widget\" data-widget_type=\"heading.default\">\n\t\t\t\t<div class=\"elementor-widget-container\">\n\t\t\t\t\t<h2 class=\"elementor-heading-title elementor-size-default\">Animaciones<\/h2>\t\t\t\t<\/div>\n\t\t\t\t<\/div>\n\t\t\t\t\t<\/div>\n\t\t<\/div>\n\t\t\t\t<div class=\"elementor-column elementor-col-50 elementor-top-column elementor-element elementor-element-977afc2\" data-id=\"977afc2\" data-element_type=\"column\" data-e-type=\"column\">\n\t\t\t<div class=\"elementor-widget-wrap elementor-element-populated\">\n\t\t\t\t\t\t<div class=\"elementor-element elementor-element-d19f42c elementor-widget elementor-widget-text-editor\" data-id=\"d19f42c\" data-element_type=\"widget\" data-e-type=\"widget\" data-widget_type=\"text-editor.default\">\n\t\t\t\t<div class=\"elementor-widget-container\">\n\t\t\t\t\t\t\t\t\t<p>Inside Your Movie crea sus propias animaciones y secuencias cinematogr\u00e1ficas para lograr una pel\u00edcula espectacular y reducir el tiempo de rodaje. Podemos modificar las animaciones seg\u00fan tus preferencias para tu pel\u00edcula e incluso utilizar personajes y avatares 3D personalizados. Tambi\u00e9n puedes participar en la creaci\u00f3n de las animaciones y dar voz a los personajes animados.<\/p>\t\t\t\t\t\t\t\t<\/div>\n\t\t\t\t<\/div>\n\t\t\t\t\t<\/div>\n\t\t<\/div>\n\t\t\t\t\t<\/div>\n\t\t<\/section>\n\t\t\t\t<section class=\"elementor-section elementor-top-section elementor-element elementor-element-2ea7815 elementor-section-stretched elementor-section-boxed elementor-section-height-default elementor-section-height-default\" data-id=\"2ea7815\" data-element_type=\"section\" data-e-type=\"section\" data-settings=\"{&quot;stretch_section&quot;:&quot;section-stretched&quot;}\">\n\t\t\t\t\t\t<div class=\"elementor-container elementor-column-gap-default\">\n\t\t\t\t\t<div class=\"elementor-column elementor-col-100 elementor-top-column elementor-element elementor-element-1a12c2c\" data-id=\"1a12c2c\" data-element_type=\"column\" data-e-type=\"column\">\n\t\t\t<div class=\"elementor-widget-wrap elementor-element-populated\">\n\t\t\t\t\t\t<div class=\"elementor-element elementor-element-66d972e elementor-widget elementor-widget-video\" data-id=\"66d972e\" data-element_type=\"widget\" data-e-type=\"widget\" data-settings=\"{&quot;video_type&quot;:&quot;hosted&quot;,&quot;autoplay&quot;:&quot;yes&quot;,&quot;loop&quot;:&quot;yes&quot;,&quot;controls&quot;:&quot;yes&quot;}\" data-widget_type=\"video.default\">\n\t\t\t\t<div class=\"elementor-widget-container\">\n\t\t\t\t\t\t\t<div class=\"e-hosted-video elementor-wrapper elementor-open-inline\">\n\t\t\t\t\t<video class=\"elementor-video\" src=\"https:\/\/insideyourmovie.com\/wp-content\/uploads\/2024\/04\/CustomizationHawks.mp4\" autoplay=\"\" loop=\"\" controls=\"\" controlslist=\"nodownload\"><\/video>\n\t\t\t\t<\/div>\n\t\t\t\t\t\t<\/div>\n\t\t\t\t<\/div>\n\t\t\t\t\t<\/div>\n\t\t<\/div>\n\t\t\t\t\t<\/div>\n\t\t<\/section>\n\t\t\t\t<section class=\"elementor-section elementor-top-section elementor-element elementor-element-41d59cc elementor-section-boxed elementor-section-height-default elementor-section-height-default\" data-id=\"41d59cc\" data-element_type=\"section\" data-e-type=\"section\">\n\t\t\t\t\t\t<div class=\"elementor-container elementor-column-gap-default\">\n\t\t\t\t\t<div class=\"elementor-column elementor-col-100 elementor-top-column elementor-element elementor-element-228176d\" data-id=\"228176d\" data-element_type=\"column\" data-e-type=\"column\">\n\t\t\t<div class=\"elementor-widget-wrap elementor-element-populated\">\n\t\t\t\t\t\t<div class=\"elementor-element elementor-element-2d46283 elementor-widget elementor-widget-spacer\" data-id=\"2d46283\" data-element_type=\"widget\" data-e-type=\"widget\" data-widget_type=\"spacer.default\">\n\t\t\t\t<div class=\"elementor-widget-container\">\n\t\t\t\t\t\t\t<div class=\"elementor-spacer\">\n\t\t\t<div class=\"elementor-spacer-inner\"><\/div>\n\t\t<\/div>\n\t\t\t\t\t\t<\/div>\n\t\t\t\t<\/div>\n\t\t\t\t\t<\/div>\n\t\t<\/div>\n\t\t\t\t\t<\/div>\n\t\t<\/section>\n\t\t\t\t<section class=\"elementor-section elementor-top-section elementor-element elementor-element-45efa84 elementor-section-boxed elementor-section-height-default elementor-section-height-default\" data-id=\"45efa84\" data-element_type=\"section\" data-e-type=\"section\">\n\t\t\t\t\t\t<div class=\"elementor-container elementor-column-gap-no\">\n\t\t\t\t\t<div class=\"elementor-column elementor-col-100 elementor-top-column elementor-element elementor-element-34ccadfd\" data-id=\"34ccadfd\" data-element_type=\"column\" data-e-type=\"column\">\n\t\t\t<div class=\"elementor-widget-wrap elementor-element-populated\">\n\t\t\t\t\t\t<div class=\"elementor-element elementor-element-278d6cc0 elementor-widget-divider--view-line elementor-widget elementor-widget-divider\" data-id=\"278d6cc0\" data-element_type=\"widget\" data-e-type=\"widget\" data-widget_type=\"divider.default\">\n\t\t\t\t<div class=\"elementor-widget-container\">\n\t\t\t\t\t\t\t<div class=\"elementor-divider\">\n\t\t\t<span class=\"elementor-divider-separator\">\n\t\t\t\t\t\t<\/span>\n\t\t<\/div>\n\t\t\t\t\t\t<\/div>\n\t\t\t\t<\/div>\n\t\t\t\t<div class=\"elementor-element elementor-element-70eb0a elementor-widget elementor-widget-heading\" data-id=\"70eb0a\" data-element_type=\"widget\" data-e-type=\"widget\" data-widget_type=\"heading.default\">\n\t\t\t\t<div class=\"elementor-widget-container\">\n\t\t\t\t\t<h3 class=\"elementor-heading-title elementor-size-default\">Empieza La Aventura<\/h3>\t\t\t\t<\/div>\n\t\t\t\t<\/div>\n\t\t\t\t<div class=\"elementor-element elementor-element-67316b7c elementor-align-center elementor-widget elementor-widget-button\" data-id=\"67316b7c\" data-element_type=\"widget\" data-e-type=\"widget\" data-widget_type=\"button.default\">\n\t\t\t\t<div class=\"elementor-widget-container\">\n\t\t\t\t\t\t\t\t\t<div class=\"elementor-button-wrapper\">\n\t\t\t\t\t<a class=\"elementor-button elementor-button-link elementor-size-lg\" href=\"https:\/\/insideyourmovie.com\/es\/contact\/\">\n\t\t\t\t\t\t<span class=\"elementor-button-content-wrapper\">\n\t\t\t\t\t\t\t\t\t<span class=\"elementor-button-text\">Cont\u00e1ctanos<\/span>\n\t\t\t\t\t<\/span>\n\t\t\t\t\t<\/a>\n\t\t\t\t<\/div>\n\t\t\t\t\t\t\t\t<\/div>\n\t\t\t\t<\/div>\n\t\t\t\t\t<\/div>\n\t\t<\/div>\n\t\t\t\t\t<\/div>\n\t\t<\/section>\n\t\t\t\t<\/div>","protected":false},"excerpt":{"rendered":"<p>Be creative, this is Your MoviE! Inside Your Movie experiences are taylormade for our clients. This not only means that you can decide about when, where and what we\u2019ll shoot, but you can also participate in the whole creative process of the project. The Story We propose a base story and you can modify it and even participate in the screenplay design. Characters You will be the one to dress up and perform, so it\u2019s [&hellip;]<\/p>\n","protected":false},"author":1,"featured_media":0,"parent":0,"menu_order":0,"comment_status":"closed","ping_status":"closed","template":"","meta":{"inspiro_page_layout":"narrow","inspiro_hide_title":false,"footnotes":""},"class_list":["post-7371","page","type-page","status-publish","hentry"],"yoast_head":"<!-- This site is optimized with the Yoast SEO plugin v27.3 - https:\/\/yoast.com\/product\/yoast-seo-wordpress\/ -->\n<title>Customization - InsideYourMoviE<\/title>\n<meta name=\"description\" content=\"Inside Your Movie short film experiences are taylormade for our clients and they participate in the whole creative process of the project.\" \/>\n<meta name=\"robots\" content=\"index, follow, max-snippet:-1, max-image-preview:large, max-video-preview:-1\" \/>\n<link rel=\"canonical\" href=\"https:\/\/insideyourmovie.com\/es\/customization\/\" \/>\n<meta property=\"og:locale\" content=\"es_ES\" \/>\n<meta property=\"og:type\" content=\"article\" \/>\n<meta property=\"og:title\" content=\"Customization - InsideYourMoviE\" \/>\n<meta property=\"og:description\" content=\"Inside Your Movie short film experiences are taylormade for our clients and they participate in the whole creative process of the project.\" \/>\n<meta property=\"og:url\" content=\"https:\/\/insideyourmovie.com\/es\/customization\/\" \/>\n<meta property=\"og:site_name\" content=\"InsideYourMoviE\" \/>\n<meta property=\"article:publisher\" content=\"https:\/\/www.facebook.com\/people\/Inside-Your-Movie-Personalized-Movie-Experiences\/61557672183380\/\" \/>\n<meta property=\"article:modified_time\" content=\"2026-03-02T18:21:38+00:00\" \/>\n<meta name=\"twitter:card\" content=\"summary_large_image\" \/>\n<meta name=\"twitter:label1\" content=\"Tiempo de lectura\" \/>\n\t<meta name=\"twitter:data1\" content=\"2 minutos\" \/>\n<script type=\"application\/ld+json\" class=\"yoast-schema-graph\">{\"@context\":\"https:\\\/\\\/schema.org\",\"@graph\":[{\"@type\":\"WebPage\",\"@id\":\"https:\\\/\\\/insideyourmovie.com\\\/customization\\\/\",\"url\":\"https:\\\/\\\/insideyourmovie.com\\\/customization\\\/\",\"name\":\"Customization - InsideYourMoviE\",\"isPartOf\":{\"@id\":\"https:\\\/\\\/insideyourmovie.com\\\/#website\"},\"datePublished\":\"2024-03-28T21:20:11+00:00\",\"dateModified\":\"2026-03-02T18:21:38+00:00\",\"description\":\"Inside Your Movie short film experiences are taylormade for our clients and they participate in the whole creative process of the project.\",\"breadcrumb\":{\"@id\":\"https:\\\/\\\/insideyourmovie.com\\\/customization\\\/#breadcrumb\"},\"inLanguage\":\"es\",\"potentialAction\":[{\"@type\":\"ReadAction\",\"target\":[\"https:\\\/\\\/insideyourmovie.com\\\/customization\\\/\"]}]},{\"@type\":\"BreadcrumbList\",\"@id\":\"https:\\\/\\\/insideyourmovie.com\\\/customization\\\/#breadcrumb\",\"itemListElement\":[{\"@type\":\"ListItem\",\"position\":1,\"name\":\"Home\",\"item\":\"https:\\\/\\\/insideyourmovie.com\\\/\"},{\"@type\":\"ListItem\",\"position\":2,\"name\":\"Customization\"}]},{\"@type\":\"WebSite\",\"@id\":\"https:\\\/\\\/insideyourmovie.com\\\/#website\",\"url\":\"https:\\\/\\\/insideyourmovie.com\\\/\",\"name\":\"InsideYourMoviE\",\"description\":\"Star In Your Own Dream Movie\",\"publisher\":{\"@id\":\"https:\\\/\\\/insideyourmovie.com\\\/#organization\"},\"potentialAction\":[{\"@type\":\"SearchAction\",\"target\":{\"@type\":\"EntryPoint\",\"urlTemplate\":\"https:\\\/\\\/insideyourmovie.com\\\/?s={search_term_string}\"},\"query-input\":{\"@type\":\"PropertyValueSpecification\",\"valueRequired\":true,\"valueName\":\"search_term_string\"}}],\"inLanguage\":\"es\"},{\"@type\":\"Organization\",\"@id\":\"https:\\\/\\\/insideyourmovie.com\\\/#organization\",\"name\":\"InsideYourMoviE\",\"url\":\"https:\\\/\\\/insideyourmovie.com\\\/\",\"logo\":{\"@type\":\"ImageObject\",\"inLanguage\":\"es\",\"@id\":\"https:\\\/\\\/insideyourmovie.com\\\/#\\\/schema\\\/logo\\\/image\\\/\",\"url\":\"https:\\\/\\\/i0.wp.com\\\/insideyourmovie.com\\\/wp-content\\\/uploads\\\/2022\\\/12\\\/cropped-LogoTransparency.png?fit=1000%2C250&ssl=1\",\"contentUrl\":\"https:\\\/\\\/i0.wp.com\\\/insideyourmovie.com\\\/wp-content\\\/uploads\\\/2022\\\/12\\\/cropped-LogoTransparency.png?fit=1000%2C250&ssl=1\",\"width\":1000,\"height\":250,\"caption\":\"InsideYourMoviE\"},\"image\":{\"@id\":\"https:\\\/\\\/insideyourmovie.com\\\/#\\\/schema\\\/logo\\\/image\\\/\"},\"sameAs\":[\"https:\\\/\\\/www.facebook.com\\\/people\\\/Inside-Your-Movie-Personalized-Movie-Experiences\\\/61557672183380\\\/\"]}]}<\/script>\n<!-- \/ Yoast SEO plugin. -->","yoast_head_json":{"title":"Customization - InsideYourMoviE","description":"Inside Your Movie short film experiences are taylormade for our clients and they participate in the whole creative process of the project.","robots":{"index":"index","follow":"follow","max-snippet":"max-snippet:-1","max-image-preview":"max-image-preview:large","max-video-preview":"max-video-preview:-1"},"canonical":"https:\/\/insideyourmovie.com\/es\/customization\/","og_locale":"es_ES","og_type":"article","og_title":"Customization - InsideYourMoviE","og_description":"Inside Your Movie short film experiences are taylormade for our clients and they participate in the whole creative process of the project.","og_url":"https:\/\/insideyourmovie.com\/es\/customization\/","og_site_name":"InsideYourMoviE","article_publisher":"https:\/\/www.facebook.com\/people\/Inside-Your-Movie-Personalized-Movie-Experiences\/61557672183380\/","article_modified_time":"2026-03-02T18:21:38+00:00","twitter_card":"summary_large_image","twitter_misc":{"Tiempo de lectura":"2 minutos"},"schema":{"@context":"https:\/\/schema.org","@graph":[{"@type":"WebPage","@id":"https:\/\/insideyourmovie.com\/customization\/","url":"https:\/\/insideyourmovie.com\/customization\/","name":"Customization - InsideYourMoviE","isPartOf":{"@id":"https:\/\/insideyourmovie.com\/#website"},"datePublished":"2024-03-28T21:20:11+00:00","dateModified":"2026-03-02T18:21:38+00:00","description":"Inside Your Movie short film experiences are taylormade for our clients and they participate in the whole creative process of the project.","breadcrumb":{"@id":"https:\/\/insideyourmovie.com\/customization\/#breadcrumb"},"inLanguage":"es","potentialAction":[{"@type":"ReadAction","target":["https:\/\/insideyourmovie.com\/customization\/"]}]},{"@type":"BreadcrumbList","@id":"https:\/\/insideyourmovie.com\/customization\/#breadcrumb","itemListElement":[{"@type":"ListItem","position":1,"name":"Home","item":"https:\/\/insideyourmovie.com\/"},{"@type":"ListItem","position":2,"name":"Customization"}]},{"@type":"WebSite","@id":"https:\/\/insideyourmovie.com\/#website","url":"https:\/\/insideyourmovie.com\/","name":"InsideYourMoviE","description":"Star In Your Own Dream Movie","publisher":{"@id":"https:\/\/insideyourmovie.com\/#organization"},"potentialAction":[{"@type":"SearchAction","target":{"@type":"EntryPoint","urlTemplate":"https:\/\/insideyourmovie.com\/?s={search_term_string}"},"query-input":{"@type":"PropertyValueSpecification","valueRequired":true,"valueName":"search_term_string"}}],"inLanguage":"es"},{"@type":"Organization","@id":"https:\/\/insideyourmovie.com\/#organization","name":"InsideYourMoviE","url":"https:\/\/insideyourmovie.com\/","logo":{"@type":"ImageObject","inLanguage":"es","@id":"https:\/\/insideyourmovie.com\/#\/schema\/logo\/image\/","url":"https:\/\/i0.wp.com\/insideyourmovie.com\/wp-content\/uploads\/2022\/12\/cropped-LogoTransparency.png?fit=1000%2C250&ssl=1","contentUrl":"https:\/\/i0.wp.com\/insideyourmovie.com\/wp-content\/uploads\/2022\/12\/cropped-LogoTransparency.png?fit=1000%2C250&ssl=1","width":1000,"height":250,"caption":"InsideYourMoviE"},"image":{"@id":"https:\/\/insideyourmovie.com\/#\/schema\/logo\/image\/"},"sameAs":["https:\/\/www.facebook.com\/people\/Inside-Your-Movie-Personalized-Movie-Experiences\/61557672183380\/"]}]}},"jetpack_sharing_enabled":true,"featured_media_urls":[],"_links":{"self":[{"href":"https:\/\/insideyourmovie.com\/es\/wp-json\/wp\/v2\/pages\/7371","targetHints":{"allow":["GET"]}}],"collection":[{"href":"https:\/\/insideyourmovie.com\/es\/wp-json\/wp\/v2\/pages"}],"about":[{"href":"https:\/\/insideyourmovie.com\/es\/wp-json\/wp\/v2\/types\/page"}],"author":[{"embeddable":true,"href":"https:\/\/insideyourmovie.com\/es\/wp-json\/wp\/v2\/users\/1"}],"replies":[{"embeddable":true,"href":"https:\/\/insideyourmovie.com\/es\/wp-json\/wp\/v2\/comments?post=7371"}],"version-history":[{"count":19,"href":"https:\/\/insideyourmovie.com\/es\/wp-json\/wp\/v2\/pages\/7371\/revisions"}],"predecessor-version":[{"id":9563,"href":"https:\/\/insideyourmovie.com\/es\/wp-json\/wp\/v2\/pages\/7371\/revisions\/9563"}],"wp:attachment":[{"href":"https:\/\/insideyourmovie.com\/es\/wp-json\/wp\/v2\/media?parent=7371"}],"curies":[{"name":"wp","href":"https:\/\/api.w.org\/{rel}","templated":true}]}}